{"id":2685,"date":"2025-03-09T11:49:36","date_gmt":"2025-03-09T10:49:36","guid":{"rendered":"https:\/\/casanahia.es\/?page_id=2685"},"modified":"2026-03-17T10:36:39","modified_gmt":"2026-03-17T09:36:39","slug":"en-coche-electrico","status":"publish","type":"page","link":"https:\/\/casanahia.es\/fr\/en-coche-electrico\/","title":{"rendered":"Je me d\u00e9place en voiture \u00e9lectrique en Navarre"},"content":{"rendered":"<div data-elementor-type=\"wp-page\" data-elementor-id=\"2685\" class=\"elementor elementor-2685\" data-elementor-post-type=\"page\">\n\t\t\t\t\t\t<section class=\"elementor-section elementor-top-section elementor-element elementor-element-e1a1736 elementor-section-boxed elementor-section-height-default elementor-section-height-default\" data-id=\"e1a1736\" data-element_type=\"section\" data-e-type=\"section\">\n\t\t\t\t\t\t<div class=\"elementor-container elementor-column-gap-default\">\n\t\t\t\t\t<div class=\"elementor-column elementor-col-100 elementor-top-column elementor-element elementor-element-68d6f13\" data-id=\"68d6f13\" data-element_type=\"column\" data-e-type=\"column\">\n\t\t\t<div class=\"elementor-widget-wrap elementor-element-populated\">\n\t\t\t\t\t\t<div class=\"elementor-element elementor-element-484e1ff elementor-widget elementor-widget-text-editor\" data-id=\"484e1ff\" data-element_type=\"widget\" data-e-type=\"widget\" data-widget_type=\"text-editor.default\">\n\t\t\t\t<div class=\"elementor-widget-container\">\n\t\t\t\t\t\t\t\t\t<p>Nous utilisons \u00e9galement la mobilit\u00e9 \u00e9lectrique.<br \/>R\u00e9servez \u00e0 Casa Nahia. Nous sommes comme vous.<\/p>\t\t\t\t\t\t\t\t<\/div>\n\t\t\t\t<\/div>\n\t\t\t\t<div class=\"elementor-element elementor-element-ed5c666 elementor-widget elementor-widget-text-editor\" data-id=\"ed5c666\" data-element_type=\"widget\" data-e-type=\"widget\" data-widget_type=\"text-editor.default\">\n\t\t\t\t<div class=\"elementor-widget-container\">\n\t\t\t\t\t\t\t\t\t<p>R\u00e9servez directement aupr\u00e8s de nous et profitez du meilleur prix garanti.<\/p><p>Si vos plans changent, vous pouvez annuler imm\u00e9diatement depuis notre R\u00e9ception en Ligne, d\u2019un simple clic et sans explications.<\/p><p>Merci de votre confiance !<\/p>\t\t\t\t\t\t\t\t<\/div>\n\t\t\t\t<\/div>\n\t\t\t\t<div class=\"elementor-element elementor-element-c196672 elementor-widget elementor-widget-html\" data-id=\"c196672\" data-element_type=\"widget\" data-e-type=\"widget\" data-widget_type=\"html.default\">\n\t\t\t\t<div class=\"elementor-widget-container\">\n\t\t\t\t\t<script class=\"kas_online_reception\" src=\"https:\/\/wubook.net\/js\/nebk\/bwidget.jgz\" data-wid=\"f20e13ab-2cd6-4ae7-859a-5aa882e885b8\"><\/script>\t\t\t\t<\/div>\n\t\t\t\t<\/div>\n\t\t\t\t\t<\/div>\n\t\t<\/div>\n\t\t\t\t\t<\/div>\n\t\t<\/section>\n\t\t\t\t<section class=\"elementor-section elementor-top-section elementor-element elementor-element-6147f53 elementor-section-boxed elementor-section-height-default elementor-section-height-default\" data-id=\"6147f53\" data-element_type=\"section\" data-e-type=\"section\">\n\t\t\t\t\t\t<div class=\"elementor-container elementor-column-gap-default\">\n\t\t\t\t\t<div class=\"elementor-column elementor-col-100 elementor-top-column elementor-element elementor-element-5f5c16b\" data-id=\"5f5c16b\" data-element_type=\"column\" data-e-type=\"column\">\n\t\t\t<div class=\"elementor-widget-wrap elementor-element-populated\">\n\t\t\t\t\t\t<div class=\"elementor-element elementor-element-e327514 elementor-widget elementor-widget-heading\" data-id=\"e327514\" data-element_type=\"widget\" data-e-type=\"widget\" data-widget_type=\"heading.default\">\n\t\t\t\t<div class=\"elementor-widget-container\">\n\t\t\t\t\t<h2 class=\"elementor-heading-title elementor-size-default\">Chargement des VE. Vivre de mani\u00e8re durable.<\/h2>\t\t\t\t<\/div>\n\t\t\t\t<\/div>\n\t\t\t\t\t<\/div>\n\t\t<\/div>\n\t\t\t\t\t<\/div>\n\t\t<\/section>\n\t\t\t\t<section class=\"elementor-section elementor-top-section elementor-element elementor-element-a4e82bc elementor-section-boxed elementor-section-height-default elementor-section-height-default\" data-id=\"a4e82bc\" data-element_type=\"section\" data-e-type=\"section\">\n\t\t\t\t\t\t<div class=\"elementor-container elementor-column-gap-default\">\n\t\t\t\t\t<div class=\"elementor-column elementor-col-50 elementor-top-column elementor-element elementor-element-bd56555\" data-id=\"bd56555\" data-element_type=\"column\" data-e-type=\"column\">\n\t\t\t<div class=\"elementor-widget-wrap elementor-element-populated\">\n\t\t\t\t\t\t<div class=\"elementor-element elementor-element-6a273c7 elementor-widget__width-initial elementor-view-default elementor-widget elementor-widget-icon\" data-id=\"6a273c7\" data-element_type=\"widget\" data-e-type=\"widget\" data-widget_type=\"icon.default\">\n\t\t\t\t<div class=\"elementor-widget-container\">\n\t\t\t\t\t\t\t<div class=\"elementor-icon-wrapper\">\n\t\t\t<div class=\"elementor-icon\">\n\t\t\t<i aria-hidden=\"true\" class=\"fas fa-charging-station\"><\/i>\t\t\t<\/div>\n\t\t<\/div>\n\t\t\t\t\t\t<\/div>\n\t\t\t\t<\/div>\n\t\t\t\t<div class=\"elementor-element elementor-element-627b711 elementor-widget elementor-widget-text-editor\" data-id=\"627b711\" data-element_type=\"widget\" data-e-type=\"widget\" data-widget_type=\"text-editor.default\">\n\t\t\t\t<div class=\"elementor-widget-container\">\n\t\t\t\t\t\t\t\t\t<p>Nous disposons de 3 bornes de recharge pour v\u00e9hicules \u00e9lectriques :<\/p><p>- 2 points Type-2, 22 KW AC<\/p><p>- 1 combo UE, 25 KW DC<\/p>\t\t\t\t\t\t\t\t<\/div>\n\t\t\t\t<\/div>\n\t\t\t\t<div class=\"elementor-element elementor-element-0298f7a elementor-widget elementor-widget-image\" data-id=\"0298f7a\" data-element_type=\"widget\" data-e-type=\"widget\" data-widget_type=\"image.default\">\n\t\t\t\t<div class=\"elementor-widget-container\">\n\t\t\t\t\t\t\t\t\t\t\t\t\t\t\t<img fetchpriority=\"high\" decoding=\"async\" width=\"800\" height=\"716\" src=\"https:\/\/casanahia.es\/wp-content\/uploads\/2025\/02\/Cargando-Coche-Cupra1-1024x916.jpg\" class=\"attachment-large size-large wp-image-2578\" alt=\"\" srcset=\"https:\/\/casanahia.es\/wp-content\/uploads\/2025\/02\/Cargando-Coche-Cupra1-1024x916.jpg 1024w, https:\/\/casanahia.es\/wp-content\/uploads\/2025\/02\/Cargando-Coche-Cupra1-300x268.jpg 300w, https:\/\/casanahia.es\/wp-content\/uploads\/2025\/02\/Cargando-Coche-Cupra1-768x687.jpg 768w, https:\/\/casanahia.es\/wp-content\/uploads\/2025\/02\/Cargando-Coche-Cupra1-1536x1374.jpg 1536w, https:\/\/casanahia.es\/wp-content\/uploads\/2025\/02\/Cargando-Coche-Cupra1-2048x1832.jpg 2048w, https:\/\/casanahia.es\/wp-content\/uploads\/2025\/02\/Cargando-Coche-Cupra1-13x12.jpg 13w\" sizes=\"(max-width: 800px) 100vw, 800px\" \/>\t\t\t\t\t\t\t\t\t\t\t\t\t\t\t<\/div>\n\t\t\t\t<\/div>\n\t\t\t\t\t<\/div>\n\t\t<\/div>\n\t\t\t\t<div class=\"elementor-column elementor-col-50 elementor-top-column elementor-element elementor-element-ca630b6\" data-id=\"ca630b6\" data-element_type=\"column\" data-e-type=\"column\">\n\t\t\t<div class=\"elementor-widget-wrap elementor-element-populated\">\n\t\t\t\t\t\t<div class=\"elementor-element elementor-element-0666b19 elementor-widget elementor-widget-text-editor\" data-id=\"0666b19\" data-element_type=\"widget\" data-e-type=\"widget\" data-widget_type=\"text-editor.default\">\n\t\t\t\t<div class=\"elementor-widget-container\">\n\t\t\t\t\t\t\t\t\t<p>Recharge \u00e0 25 KW DC avec une mobilit\u00e9 durable. \u00c9nergie accumul\u00e9e gr\u00e2ce \u00e0 nos panneaux solaires.<\/p>\t\t\t\t\t\t\t\t<\/div>\n\t\t\t\t<\/div>\n\t\t\t\t<div class=\"elementor-element elementor-element-6ab89f9 elementor-widget elementor-widget-image\" data-id=\"6ab89f9\" data-element_type=\"widget\" data-e-type=\"widget\" data-widget_type=\"image.default\">\n\t\t\t\t<div class=\"elementor-widget-container\">\n\t\t\t\t\t\t\t\t\t\t\t\t\t\t\t<img decoding=\"async\" width=\"600\" height=\"600\" src=\"https:\/\/casanahia.es\/wp-content\/uploads\/2023\/10\/vehiculo-electrico.png\" class=\"attachment-large size-large wp-image-1921\" alt=\"\" srcset=\"https:\/\/casanahia.es\/wp-content\/uploads\/2023\/10\/vehiculo-electrico.png 600w, https:\/\/casanahia.es\/wp-content\/uploads\/2023\/10\/vehiculo-electrico-300x300.png 300w, https:\/\/casanahia.es\/wp-content\/uploads\/2023\/10\/vehiculo-electrico-150x150.png 150w, https:\/\/casanahia.es\/wp-content\/uploads\/2023\/10\/vehiculo-electrico-12x12.png 12w\" sizes=\"(max-width: 600px) 100vw, 600px\" \/>\t\t\t\t\t\t\t\t\t\t\t\t\t\t\t<\/div>\n\t\t\t\t<\/div>\n\t\t\t\t\t<\/div>\n\t\t<\/div>\n\t\t\t\t\t<\/div>\n\t\t<\/section>\n\t\t\t\t<\/div>","protected":false},"excerpt":{"rendered":"<p>Nosotras tambi\u00e9n usamos movilidad el\u00e9ctrica.Reserva en Casa Nahia. Somos como tu. Reserva directamente con nosotras y disfruta del mejor precio garantizado. Si tus planes cambian, cancela al momento desde la Recepci\u00f3n Online con un click, sin explicaciones. \u00a1Gracias por tu confianza! Recarga VE. Vive sostenible. Disponemos de 3 puntos de recarga VE: &#8211; 2 puntos [&hellip;]<\/p>\n","protected":false},"author":2,"featured_media":3905,"parent":0,"menu_order":0,"comment_status":"closed","ping_status":"closed","template":"","meta":{"om_disable_all_campaigns":false,"_monsterinsights_skip_tracking":false,"_monsterinsights_sitenote_active":false,"_monsterinsights_sitenote_note":"","_monsterinsights_sitenote_category":0,"_uf_show_specific_survey":0,"_uf_disable_surveys":false,"footnotes":""},"class_list":["post-2685","page","type-page","status-publish","has-post-thumbnail","hentry"],"aioseo_notices":[],"_links":{"self":[{"href":"https:\/\/casanahia.es\/fr\/wp-json\/wp\/v2\/pages\/2685","targetHints":{"allow":["GET"]}}],"collection":[{"href":"https:\/\/casanahia.es\/fr\/wp-json\/wp\/v2\/pages"}],"about":[{"href":"https:\/\/casanahia.es\/fr\/wp-json\/wp\/v2\/types\/page"}],"author":[{"embeddable":true,"href":"https:\/\/casanahia.es\/fr\/wp-json\/wp\/v2\/users\/2"}],"replies":[{"embeddable":true,"href":"https:\/\/casanahia.es\/fr\/wp-json\/wp\/v2\/comments?post=2685"}],"version-history":[{"count":32,"href":"https:\/\/casanahia.es\/fr\/wp-json\/wp\/v2\/pages\/2685\/revisions"}],"predecessor-version":[{"id":4438,"href":"https:\/\/casanahia.es\/fr\/wp-json\/wp\/v2\/pages\/2685\/revisions\/4438"}],"wp:featuredmedia":[{"embeddable":true,"href":"https:\/\/casanahia.es\/fr\/wp-json\/wp\/v2\/media\/3905"}],"wp:attachment":[{"href":"https:\/\/casanahia.es\/fr\/wp-json\/wp\/v2\/media?parent=2685"}],"curies":[{"name":"wp","href":"https:\/\/api.w.org\/{rel}","templated":true}]}}