{"id":2976,"date":"2025-04-08T10:58:56","date_gmt":"2025-04-08T09:58:56","guid":{"rendered":"https:\/\/casanahia.es\/?page_id=2976"},"modified":"2026-03-17T10:35:43","modified_gmt":"2026-03-17T09:35:43","slug":"sostenibilidad","status":"publish","type":"page","link":"https:\/\/casanahia.es\/en\/sostenibilidad\/","title":{"rendered":"Sustainable tourism"},"content":{"rendered":"<div data-elementor-type=\"wp-page\" data-elementor-id=\"2976\" class=\"elementor elementor-2976\" data-elementor-post-type=\"page\">\n\t\t\t\t\t\t<section class=\"elementor-section elementor-top-section elementor-element elementor-element-6888952 elementor-section-boxed elementor-section-height-default elementor-section-height-default\" data-id=\"6888952\" data-element_type=\"section\" data-e-type=\"section\">\n\t\t\t\t\t\t<div class=\"elementor-container elementor-column-gap-default\">\n\t\t\t\t\t<div class=\"elementor-column elementor-col-100 elementor-top-column elementor-element elementor-element-4220adf\" data-id=\"4220adf\" data-element_type=\"column\" data-e-type=\"column\">\n\t\t\t<div class=\"elementor-widget-wrap elementor-element-populated\">\n\t\t\t\t\t\t<div class=\"elementor-element elementor-element-1fcf85e elementor-widget elementor-widget-text-editor\" data-id=\"1fcf85e\" data-element_type=\"widget\" data-e-type=\"widget\" data-widget_type=\"text-editor.default\">\n\t\t\t\t<div class=\"elementor-widget-container\">\n\t\t\t\t\t\t\t\t\t<p>Book directly with us and enjoy the best price guaranteed.<\/p><p>If your plans change, you can cancel instantly from our Online Reception with one click and no explanations.<\/p><p>Thank you for your trust!<\/p>\t\t\t\t\t\t\t\t<\/div>\n\t\t\t\t<\/div>\n\t\t\t\t<div class=\"elementor-element elementor-element-49266b8 elementor-widget elementor-widget-html\" data-id=\"49266b8\" data-element_type=\"widget\" data-e-type=\"widget\" data-widget_type=\"html.default\">\n\t\t\t\t<div class=\"elementor-widget-container\">\n\t\t\t\t\t<script class=\"kas_online_reception\" src=\"https:\/\/wubook.net\/js\/nebk\/bwidget.jgz\" data-wid=\"f20e13ab-2cd6-4ae7-859a-5aa882e885b8\"><\/script>\t\t\t\t<\/div>\n\t\t\t\t<\/div>\n\t\t\t\t\t<\/div>\n\t\t<\/div>\n\t\t\t\t\t<\/div>\n\t\t<\/section>\n\t\t\t\t<section class=\"elementor-section elementor-top-section elementor-element elementor-element-b2eb7f3 elementor-section-boxed elementor-section-height-default elementor-section-height-default\" data-id=\"b2eb7f3\" data-element_type=\"section\" data-e-type=\"section\">\n\t\t\t\t\t\t<div class=\"elementor-container elementor-column-gap-default\">\n\t\t\t\t\t<div class=\"elementor-column elementor-col-33 elementor-top-column elementor-element elementor-element-9598490\" data-id=\"9598490\" data-element_type=\"column\" data-e-type=\"column\">\n\t\t\t<div class=\"elementor-widget-wrap elementor-element-populated\">\n\t\t\t\t\t\t<div class=\"elementor-element elementor-element-2efe72d elementor-widget elementor-widget-image\" data-id=\"2efe72d\" data-element_type=\"widget\" data-e-type=\"widget\" data-widget_type=\"image.default\">\n\t\t\t\t<div class=\"elementor-widget-container\">\n\t\t\t\t\t\t\t\t\t\t\t\t\t\t\t<img fetchpriority=\"high\" decoding=\"async\" width=\"800\" height=\"450\" src=\"https:\/\/casanahia.es\/wp-content\/uploads\/2025\/04\/Paneles-Solares-1-1080x-1024x576.jpg\" class=\"attachment-large size-large wp-image-2978\" alt=\"\" srcset=\"https:\/\/casanahia.es\/wp-content\/uploads\/2025\/04\/Paneles-Solares-1-1080x-1024x576.jpg 1024w, https:\/\/casanahia.es\/wp-content\/uploads\/2025\/04\/Paneles-Solares-1-1080x-300x169.jpg 300w, https:\/\/casanahia.es\/wp-content\/uploads\/2025\/04\/Paneles-Solares-1-1080x-768x432.jpg 768w, https:\/\/casanahia.es\/wp-content\/uploads\/2025\/04\/Paneles-Solares-1-1080x-18x10.jpg 18w, https:\/\/casanahia.es\/wp-content\/uploads\/2025\/04\/Paneles-Solares-1-1080x.jpg 1080w\" sizes=\"(max-width: 800px) 100vw, 800px\" \/>\t\t\t\t\t\t\t\t\t\t\t\t\t\t\t<\/div>\n\t\t\t\t<\/div>\n\t\t\t\t<div class=\"elementor-element elementor-element-b861953 elementor-widget elementor-widget-image\" data-id=\"b861953\" data-element_type=\"widget\" data-e-type=\"widget\" data-widget_type=\"image.default\">\n\t\t\t\t<div class=\"elementor-widget-container\">\n\t\t\t\t\t\t\t\t\t\t\t\t\t\t\t<img decoding=\"async\" width=\"800\" height=\"1000\" src=\"https:\/\/casanahia.es\/wp-content\/uploads\/2026\/02\/IMG_20240808_170201_171-819x1024.jpg\" class=\"attachment-large size-large wp-image-3936\" alt=\"\" srcset=\"https:\/\/casanahia.es\/wp-content\/uploads\/2026\/02\/IMG_20240808_170201_171-819x1024.jpg 819w, https:\/\/casanahia.es\/wp-content\/uploads\/2026\/02\/IMG_20240808_170201_171-240x300.jpg 240w, https:\/\/casanahia.es\/wp-content\/uploads\/2026\/02\/IMG_20240808_170201_171-768x960.jpg 768w, https:\/\/casanahia.es\/wp-content\/uploads\/2026\/02\/IMG_20240808_170201_171-1229x1536.jpg 1229w, https:\/\/casanahia.es\/wp-content\/uploads\/2026\/02\/IMG_20240808_170201_171-10x12.jpg 10w, https:\/\/casanahia.es\/wp-content\/uploads\/2026\/02\/IMG_20240808_170201_171.jpg 1500w\" sizes=\"(max-width: 800px) 100vw, 800px\" \/>\t\t\t\t\t\t\t\t\t\t\t\t\t\t\t<\/div>\n\t\t\t\t<\/div>\n\t\t\t\t\t<\/div>\n\t\t<\/div>\n\t\t\t\t<div class=\"elementor-column elementor-col-66 elementor-top-column elementor-element elementor-element-ef29b9c\" data-id=\"ef29b9c\" data-element_type=\"column\" data-e-type=\"column\">\n\t\t\t<div class=\"elementor-widget-wrap elementor-element-populated\">\n\t\t\t\t\t\t<div class=\"elementor-element elementor-element-fc97b16 elementor-widget elementor-widget-heading\" data-id=\"fc97b16\" data-element_type=\"widget\" data-e-type=\"widget\" data-widget_type=\"heading.default\">\n\t\t\t\t<div class=\"elementor-widget-container\">\n\t\t\t\t\t<h1 class=\"elementor-heading-title elementor-size-default\">Sustainable tourism<\/h1>\t\t\t\t<\/div>\n\t\t\t\t<\/div>\n\t\t\t\t<div class=\"elementor-element elementor-element-29dd290 elementor-widget elementor-widget-text-editor\" data-id=\"29dd290\" data-element_type=\"widget\" data-e-type=\"widget\" data-widget_type=\"text-editor.default\">\n\t\t\t\t<div class=\"elementor-widget-container\">\n\t\t\t\t\t\t\t\t\t<p><span style=\"color: var( --e-global-color-text ); letter-spacing: 0px; background-color: var( --e-global-color-c696dce );\">Casa Nahia is a dream come true where you can feel the enthusiasm and affection for our work. <\/span><\/p><p><span style=\"color: var( --e-global-color-text ); letter-spacing: 0px; background-color: var( --e-global-color-c696dce );\">It is an accommodation designed and built for sustainable tourism. <\/span><span style=\"color: var( --e-global-color-text ); letter-spacing: 0px; background-color: var( --e-global-color-c696dce );\">The large windows facing south-east make for a very pleasant stay.<\/span><\/p><p>The building has charm, with a rustic-modern style.<\/p><p>We are Anabel and Ra\u00fal.\u00a0<span style=\"letter-spacing: 0px;\">We are committed to a better world.<\/span><\/p>\t\t\t\t\t\t\t\t<\/div>\n\t\t\t\t<\/div>\n\t\t\t\t<div class=\"elementor-element elementor-element-97505e5 elementor-widget elementor-widget-heading\" data-id=\"97505e5\" data-element_type=\"widget\" data-e-type=\"widget\" data-widget_type=\"heading.default\">\n\t\t\t\t<div class=\"elementor-widget-container\">\n\t\t\t\t\t<h2 class=\"elementor-heading-title elementor-size-default\">Photovoltaic self-consumption<\/h2>\t\t\t\t<\/div>\n\t\t\t\t<\/div>\n\t\t\t\t<div class=\"elementor-element elementor-element-47c9d95 elementor-widget elementor-widget-text-editor\" data-id=\"47c9d95\" data-element_type=\"widget\" data-e-type=\"widget\" data-widget_type=\"text-editor.default\">\n\t\t\t\t<div class=\"elementor-widget-container\">\n\t\t\t\t\t\t\t\t\t<div>All energy is generated from photovoltaic panels and stored in batteries. Aerothermal energy supplies hot water, radiant heating, air conditioning, clean air and electric vehicle charging.<\/div><div>\u00a0<\/div><div>Our <b>water<\/b> is of quality, and at no additional cost.\u00a0<\/div>\t\t\t\t\t\t\t\t<\/div>\n\t\t\t\t<\/div>\n\t\t\t\t<div class=\"elementor-element elementor-element-1ccd10b elementor-widget elementor-widget-heading\" data-id=\"1ccd10b\" data-element_type=\"widget\" data-e-type=\"widget\" data-widget_type=\"heading.default\">\n\t\t\t\t<div class=\"elementor-widget-container\">\n\t\t\t\t\t<h2 class=\"elementor-heading-title elementor-size-default\">Electric Bicycles<\/h2>\t\t\t\t<\/div>\n\t\t\t\t<\/div>\n\t\t\t\t<div class=\"elementor-element elementor-element-2fecee2 elementor-widget elementor-widget-text-editor\" data-id=\"2fecee2\" data-element_type=\"widget\" data-e-type=\"widget\" data-widget_type=\"text-editor.default\">\n\t\t\t\t<div class=\"elementor-widget-container\">\n\t\t\t\t\t\t\t\t\t<p>There is the option of renting ebike bicycles.<\/p>\t\t\t\t\t\t\t\t<\/div>\n\t\t\t\t<\/div>\n\t\t\t\t<div class=\"elementor-element elementor-element-569ade4 elementor-widget elementor-widget-heading\" data-id=\"569ade4\" data-element_type=\"widget\" data-e-type=\"widget\" data-widget_type=\"heading.default\">\n\t\t\t\t<div class=\"elementor-widget-container\">\n\t\t\t\t\t<h2 class=\"elementor-heading-title elementor-size-default\">Local food<\/h2>\t\t\t\t<\/div>\n\t\t\t\t<\/div>\n\t\t\t\t<div class=\"elementor-element elementor-element-dc171eb elementor-widget elementor-widget-text-editor\" data-id=\"dc171eb\" data-element_type=\"widget\" data-e-type=\"widget\" data-widget_type=\"text-editor.default\">\n\t\t\t\t<div class=\"elementor-widget-container\">\n\t\t\t\t\t\t\t\t\t<ul><li>We cook <b>rations\u00a0<\/b>very tasty. They are family recipes.<\/li><li>We also make sponge cake, yoghurt and kefir.\u00a0<b>landlords<\/b>.<\/li><li>Our\u00a0<b>vegetable garden<\/b>-The organic garden next to the house provides us with seasonal products that we use in Casa Nahia's rations.<\/li><li><strong>We reuse<\/strong> our glass breakfast containers.<\/li><li>The whole house is created for responsible and sustainable consumption.<\/li><\/ul>\t\t\t\t\t\t\t\t<\/div>\n\t\t\t\t<\/div>\n\t\t\t\t\t<\/div>\n\t\t<\/div>\n\t\t\t\t\t<\/div>\n\t\t<\/section>\n\t\t\t\t<section class=\"elementor-section elementor-top-section elementor-element elementor-element-e66f1ca elementor-section-boxed elementor-section-height-default elementor-section-height-default\" data-id=\"e66f1ca\" data-element_type=\"section\" data-e-type=\"section\">\n\t\t\t\t\t\t<div class=\"elementor-container elementor-column-gap-default\">\n\t\t\t\t\t<div class=\"elementor-column elementor-col-100 elementor-top-column elementor-element elementor-element-8ad06e4\" data-id=\"8ad06e4\" data-element_type=\"column\" data-e-type=\"column\">\n\t\t\t<div class=\"elementor-widget-wrap elementor-element-populated\">\n\t\t\t\t\t\t<div class=\"elementor-element elementor-element-2adf992 elementor-widget elementor-widget-image\" data-id=\"2adf992\" data-element_type=\"widget\" data-e-type=\"widget\" data-widget_type=\"image.default\">\n\t\t\t\t<div class=\"elementor-widget-container\">\n\t\t\t\t\t\t\t\t\t\t\t\t<figure class=\"wp-caption\">\n\t\t\t\t\t\t\t\t\t\t<img decoding=\"async\" width=\"771\" height=\"1024\" src=\"https:\/\/casanahia.es\/wp-content\/uploads\/2025\/04\/Bicis_Alquiler-V1.0-2025-03-771x1024.jpg\" class=\"attachment-large size-large wp-image-2977\" alt=\"\" srcset=\"https:\/\/casanahia.es\/wp-content\/uploads\/2025\/04\/Bicis_Alquiler-V1.0-2025-03-771x1024.jpg 771w, https:\/\/casanahia.es\/wp-content\/uploads\/2025\/04\/Bicis_Alquiler-V1.0-2025-03-226x300.jpg 226w, https:\/\/casanahia.es\/wp-content\/uploads\/2025\/04\/Bicis_Alquiler-V1.0-2025-03-768x1020.jpg 768w, https:\/\/casanahia.es\/wp-content\/uploads\/2025\/04\/Bicis_Alquiler-V1.0-2025-03-1157x1536.jpg 1157w, https:\/\/casanahia.es\/wp-content\/uploads\/2025\/04\/Bicis_Alquiler-V1.0-2025-03-1542x2048.jpg 1542w, https:\/\/casanahia.es\/wp-content\/uploads\/2025\/04\/Bicis_Alquiler-V1.0-2025-03-9x12.jpg 9w, https:\/\/casanahia.es\/wp-content\/uploads\/2025\/04\/Bicis_Alquiler-V1.0-2025-03.jpg 1600w\" sizes=\"(max-width: 771px) 100vw, 771px\" \/>\t\t\t\t\t\t\t\t\t\t\t<figcaption class=\"widget-image-caption wp-caption-text\">Electric bicycles<\/figcaption>\n\t\t\t\t\t\t\t\t\t\t<\/figure>\n\t\t\t\t\t\t\t\t\t<\/div>\n\t\t\t\t<\/div>\n\t\t\t\t\t<\/div>\n\t\t<\/div>\n\t\t\t\t\t<\/div>\n\t\t<\/section>\n\t\t\t\t<\/div>","protected":false},"excerpt":{"rendered":"<p>Reserva directamente con nosotras y disfruta del mejor precio garantizado. Si tus planes cambian, cancela al momento desde la Recepci\u00f3n Online con un click, sin explicaciones. \u00a1Gracias por tu confianza! Turismo sostenible Casa Nahia es un sue\u00f1o hecho realidad donde se siente la ilusi\u00f3n y cari\u00f1o por nuestro trabajo. Es un alojamiento pensado y construido [&hellip;]<\/p>\n","protected":false},"author":4,"featured_media":0,"parent":0,"menu_order":0,"comment_status":"closed","ping_status":"closed","template":"","meta":{"om_disable_all_campaigns":false,"_monsterinsights_skip_tracking":false,"_monsterinsights_sitenote_active":false,"_monsterinsights_sitenote_note":"","_monsterinsights_sitenote_category":0,"_uf_show_specific_survey":0,"_uf_disable_surveys":false,"footnotes":""},"class_list":["post-2976","page","type-page","status-publish","hentry"],"aioseo_notices":[],"_links":{"self":[{"href":"https:\/\/casanahia.es\/en\/wp-json\/wp\/v2\/pages\/2976","targetHints":{"allow":["GET"]}}],"collection":[{"href":"https:\/\/casanahia.es\/en\/wp-json\/wp\/v2\/pages"}],"about":[{"href":"https:\/\/casanahia.es\/en\/wp-json\/wp\/v2\/types\/page"}],"author":[{"embeddable":true,"href":"https:\/\/casanahia.es\/en\/wp-json\/wp\/v2\/users\/4"}],"replies":[{"embeddable":true,"href":"https:\/\/casanahia.es\/en\/wp-json\/wp\/v2\/comments?post=2976"}],"version-history":[{"count":58,"href":"https:\/\/casanahia.es\/en\/wp-json\/wp\/v2\/pages\/2976\/revisions"}],"predecessor-version":[{"id":4435,"href":"https:\/\/casanahia.es\/en\/wp-json\/wp\/v2\/pages\/2976\/revisions\/4435"}],"wp:attachment":[{"href":"https:\/\/casanahia.es\/en\/wp-json\/wp\/v2\/media?parent=2976"}],"curies":[{"name":"wp","href":"https:\/\/api.w.org\/{rel}","templated":true}]}}